{"id":7,"date":"2025-09-26T15:02:46","date_gmt":"2025-09-26T15:02:46","guid":{"rendered":"https:\/\/premiumpets.cl\/?page_id=7"},"modified":"2025-11-19T19:02:54","modified_gmt":"2025-11-19T19:02:54","slug":"inicio","status":"publish","type":"page","link":"https:\/\/premiumpets.cl\/","title":{"rendered":"Inicio"},"content":{"rendered":"\n<div class=\"wp-block-uagb-container uagb-block-6d853ac9 alignfull uagb-is-root-container\"><div class=\"uagb-container-inner-blocks-wrap\">\n<div class=\"wp-block-uagb-info-box uagb-block-2e3370cc uagb-infobox__content-wrap  uagb-infobox-icon-above-title uagb-infobox-image-valign-top\"><div class=\"uagb-ifb-content\"><div class=\"uagb-ifb-title-wrap\"><h1 class=\"uagb-ifb-title\">Porque tu mascota es lo mas importante!<\/h1><\/div><p class=\"uagb-ifb-desc\">En Premium Pet\u2019s sabemos que las mascotas son parte fundamental de la familia.<\/p><\/div><\/div>\n\n\n\n<div class=\"wp-block-uagb-buttons uagb-buttons__outer-wrap uagb-btn__default-btn uagb-btn-tablet__default-btn uagb-btn-mobile__default-btn uagb-block-cc0060cb\"><div class=\"uagb-buttons__wrap uagb-buttons-layout-wrap \">\n<div class=\"wp-block-uagb-buttons-child uagb-buttons__outer-wrap uagb-block-6080ffaa wp-block-button\"><div class=\"uagb-button__wrapper\"><a class=\"uagb-buttons-repeater wp-block-button__link\" aria-label=\"\" href=\"https:\/\/premiumpets.cl\/index.php\/servicios\/\" rel=\"follow noopener\" target=\"_self\" role=\"button\"><div class=\"uagb-button__link\">Ver M\u00e1s<\/div><\/a><\/div><\/div>\n<\/div><\/div>\n<\/div><\/div>\n\n\n\n<div class=\"wp-block-group alignfull has-ast-global-color-5-background-color has-background is-layout-constrained wp-container-core-group-is-layout-9cedb757 wp-block-group-is-layout-constrained\" style=\"padding-bottom:0px\">\n<div class=\"wp-block-columns are-vertically-aligned-top is-layout-flex wp-container-core-columns-is-layout-00723822 wp-block-columns-is-layout-flex\">\n<div class=\"wp-block-column is-vertically-aligned-top is-layout-flow wp-container-core-column-is-layout-6b73ce23 wp-block-column-is-layout-flow\">      \n\t\t\t<div class=\"uagb-icon-wrapper uagb-block-194ff6e2      \"\n\t\t\tstyle=\"\" >\n\t\t\t\t\t\t\t\t\t<span class=\"uagb-svg-wrapper\" \n\t\t\t\t\t aria-label=\"hospital\"\t\t\t\t\ttabindex=\"0\">\t\t\n\t\t\t\t\t\t\t\t\t\t<svg xmlns=\"https:\/\/www.w3.org\/2000\/svg\" viewBox= \"0 0 640 512\" role=\"graphics-symbol\" aria-hidden=\"false\" aria-label=\"\"><path d=\"M192 48C192 21.49 213.5 0 240 0H400C426.5 0 448 21.49 448 48V512H368V432C368 405.5 346.5 384 320 384C293.5 384 272 405.5 272 432V512H192V48zM312 64C303.2 64 296 71.16 296 80V104H272C263.2 104 256 111.2 256 120V136C256 144.8 263.2 152 272 152H296V176C296 184.8 303.2 192 312 192H328C336.8 192 344 184.8 344 176V152H368C376.8 152 384 144.8 384 136V120C384 111.2 376.8 104 368 104H344V80C344 71.16 336.8 64 328 64H312zM160 96V512H48C21.49 512 0 490.5 0 464V320H80C88.84 320 96 312.8 96 304C96 295.2 88.84 288 80 288H0V224H80C88.84 224 96 216.8 96 208C96 199.2 88.84 192 80 192H0V144C0 117.5 21.49 96 48 96H160zM592 96C618.5 96 640 117.5 640 144V192H560C551.2 192 544 199.2 544 208C544 216.8 551.2 224 560 224H640V288H560C551.2 288 544 295.2 544 304C544 312.8 551.2 320 560 320H640V464C640 490.5 618.5 512 592 512H480V96H592z\"><\/path><\/svg>\n\t\t\t\t\t\t\t\t\t<\/span>\n\t\t\t\t\t\t\t<\/div>\n\t\t\t\n\n\n<h3 class=\"wp-block-heading has-text-align-left\" style=\"margin-top:16px\">Cl\u00ednica<\/h3>\n\n\n\n<p class=\"has-text-align-left\">Consulta Medica<br>Especialidades<br>Ex\u00e1menes<br>Imagenolog\u00eda<br>Cirug\u00edas<\/p>\n\n\n\n<div class=\"wp-block-uagb-buttons uagb-buttons__outer-wrap uagb-btn__default-btn uagb-btn-tablet__default-btn uagb-btn-mobile__default-btn uagb-block-eecc0bcc\"><div class=\"uagb-buttons__wrap uagb-buttons-layout-wrap \">\n<div class=\"wp-block-uagb-buttons-child uagb-buttons__outer-wrap uagb-block-519b7cb6 wp-block-button\"><div class=\"uagb-button__wrapper\"><a class=\"uagb-buttons-repeater wp-block-button__link\" aria-label=\"\" href=\"https:\/\/premiumpets.cl\/index.php\/servicios\/\" rel=\"follow noopener\" target=\"_self\" role=\"button\"><div class=\"uagb-button__link\">Ver m\u00e1s<\/div><\/a><\/div><\/div>\n<\/div><\/div>\n<\/div>\n\n\n\n<div class=\"wp-block-column is-vertically-aligned-top is-layout-flow wp-container-core-column-is-layout-6b73ce23 wp-block-column-is-layout-flow\">      \n\t\t\t<div class=\"uagb-icon-wrapper uagb-block-d33ad39d      \"\n\t\t\tstyle=\"\" >\n\t\t\t\t\t\t\t\t\t<span class=\"uagb-svg-wrapper\" \n\t\t\t\t\t aria-label=\"basket-shopping\"\t\t\t\t\ttabindex=\"0\">\t\t\n\t\t\t\t\t\t\t\t\t\t<svg xmlns=\"https:\/\/www.w3.org\/2000\/svg\" viewBox= \"0 0 576 512\" role=\"graphics-symbol\" aria-hidden=\"false\" aria-label=\"\"><path d=\"M171.7 191.1H404.3L322.7 35.07C316.6 23.31 321.2 8.821 332.9 2.706C344.7-3.409 359.2 1.167 365.3 12.93L458.4 191.1H544C561.7 191.1 576 206.3 576 223.1C576 241.7 561.7 255.1 544 255.1L492.1 463.5C484.1 492 459.4 512 430 512H145.1C116.6 512 91 492 83.88 463.5L32 255.1C14.33 255.1 0 241.7 0 223.1C0 206.3 14.33 191.1 32 191.1H117.6L210.7 12.93C216.8 1.167 231.3-3.409 243.1 2.706C254.8 8.821 259.4 23.31 253.3 35.07L171.7 191.1zM191.1 303.1C191.1 295.1 184.8 287.1 175.1 287.1C167.2 287.1 159.1 295.1 159.1 303.1V399.1C159.1 408.8 167.2 415.1 175.1 415.1C184.8 415.1 191.1 408.8 191.1 399.1V303.1zM271.1 303.1V399.1C271.1 408.8 279.2 415.1 287.1 415.1C296.8 415.1 304 408.8 304 399.1V303.1C304 295.1 296.8 287.1 287.1 287.1C279.2 287.1 271.1 295.1 271.1 303.1zM416 303.1C416 295.1 408.8 287.1 400 287.1C391.2 287.1 384 295.1 384 303.1V399.1C384 408.8 391.2 415.1 400 415.1C408.8 415.1 416 408.8 416 399.1V303.1z\"><\/path><\/svg>\n\t\t\t\t\t\t\t\t\t<\/span>\n\t\t\t\t\t\t\t<\/div>\n\t\t\t\n\n\n<h3 class=\"wp-block-heading has-text-align-left\" style=\"margin-top:16px\">Petshop<\/h3>\n\n\n\n<p class=\"has-text-align-left\">Venta de accesorios y alimentos<\/p>\n\n\n\n<div class=\"wp-block-uagb-buttons uagb-buttons__outer-wrap uagb-btn__default-btn uagb-btn-tablet__default-btn uagb-btn-mobile__default-btn uagb-block-88a90341\"><div class=\"uagb-buttons__wrap uagb-buttons-layout-wrap \">\n<div class=\"wp-block-uagb-buttons-child uagb-buttons__outer-wrap uagb-block-67784209 wp-block-button\"><div class=\"uagb-button__wrapper\"><a class=\"uagb-buttons-repeater wp-block-button__link\" aria-label=\"\" href=\"https:\/\/premiumpets.cl\/index.php\/farmacia\/\" rel=\"follow noopener\" target=\"_self\" role=\"button\"><div class=\"uagb-button__link\">Ver m\u00e1s<\/div><\/a><\/div><\/div>\n<\/div><\/div>\n<\/div>\n\n\n\n<div class=\"wp-block-column is-vertically-aligned-top is-layout-flow wp-container-core-column-is-layout-6b73ce23 wp-block-column-is-layout-flow\">      \n\t\t\t<div class=\"uagb-icon-wrapper uagb-block-76ae57a1      \"\n\t\t\tstyle=\"\" >\n\t\t\t\t\t\t\t\t\t<span class=\"uagb-svg-wrapper\" \n\t\t\t\t\t aria-label=\"scissors\"\t\t\t\t\ttabindex=\"0\">\t\t\n\t\t\t\t\t\t\t\t\t\t<svg xmlns=\"https:\/\/www.w3.org\/2000\/svg\" viewBox= \"0 0 512 512\" role=\"graphics-symbol\" aria-hidden=\"false\" aria-label=\"\"><path d=\"M396.8 51.2C425.1 22.92 470.9 22.92 499.2 51.2C506.3 58.27 506.3 69.73 499.2 76.8L216.5 359.5C221.3 372.1 224 385.7 224 400C224 461.9 173.9 512 112 512C50.14 512 0 461.9 0 400C0 338.1 50.14 287.1 112 287.1C126.3 287.1 139.9 290.7 152.5 295.5L191.1 255.1L152.5 216.5C139.9 221.3 126.3 224 112 224C50.14 224 0 173.9 0 112C0 50.14 50.14 0 112 0C173.9 0 224 50.14 224 112C224 126.3 221.3 139.9 216.5 152.5L255.1 191.1L396.8 51.2zM160 111.1C160 85.49 138.5 63.1 112 63.1C85.49 63.1 64 85.49 64 111.1C64 138.5 85.49 159.1 112 159.1C138.5 159.1 160 138.5 160 111.1zM112 448C138.5 448 160 426.5 160 400C160 373.5 138.5 352 112 352C85.49 352 64 373.5 64 400C64 426.5 85.49 448 112 448zM278.6 342.6L342.6 278.6L499.2 435.2C506.3 442.3 506.3 453.7 499.2 460.8C470.9 489.1 425.1 489.1 396.8 460.8L278.6 342.6z\"><\/path><\/svg>\n\t\t\t\t\t\t\t\t\t<\/span>\n\t\t\t\t\t\t\t<\/div>\n\t\t\t\n\n\n<h3 class=\"wp-block-heading has-text-align-left\" style=\"margin-top:16px\">Peluquer\u00eda<\/h3>\n\n\n\n<p class=\"has-text-align-left\">Peluquer\u00eda Canina<br>Peluquer\u00eda felina<\/p>\n\n\n\n<div class=\"wp-block-uagb-buttons uagb-buttons__outer-wrap uagb-btn__default-btn uagb-btn-tablet__default-btn uagb-btn-mobile__default-btn uagb-block-91dc3cfa\"><div class=\"uagb-buttons__wrap uagb-buttons-layout-wrap \">\n<div class=\"wp-block-uagb-buttons-child uagb-buttons__outer-wrap uagb-block-bd74f5b9 wp-block-button\"><div class=\"uagb-button__wrapper\"><a class=\"uagb-buttons-repeater wp-block-button__link\" aria-label=\"\" href=\"https:\/\/premiumpets.cl\/index.php\/paluqueria\/\" rel=\"follow noopener\" target=\"_self\" role=\"button\"><div class=\"uagb-button__link\">Ver m\u00e1s<\/div><\/a><\/div><\/div>\n<\/div><\/div>\n<\/div>\n\n\n\n<div class=\"wp-block-column is-vertically-aligned-top is-layout-flow wp-container-core-column-is-layout-6b73ce23 wp-block-column-is-layout-flow\">      \n\t\t\t<div class=\"uagb-icon-wrapper uagb-block-2a630a70      \"\n\t\t\tstyle=\"\" >\n\t\t\t\t\t\t\t\t\t<span class=\"uagb-svg-wrapper\" \n\t\t\t\t\t aria-label=\"jar\"\t\t\t\t\ttabindex=\"0\">\t\t\n\t\t\t\t\t\t\t\t\t\t<svg xmlns=\"https:\/\/www.w3.org\/2000\/svg\" viewBox= \"0 0 320 512\" role=\"graphics-symbol\" aria-hidden=\"false\" aria-label=\"\"><path d=\"M32 32C32 14.33 46.33 0 64 0H256C273.7 0 288 14.33 288 32C288 49.67 273.7 64 256 64H64C46.33 64 32 49.67 32 32zM0 160C0 124.7 28.65 96 64 96H256C291.3 96 320 124.7 320 160V448C320 483.3 291.3 512 256 512H64C28.65 512 0 483.3 0 448V160zM256 224H64V384H256V224z\"><\/path><\/svg>\n\t\t\t\t\t\t\t\t\t<\/span>\n\t\t\t\t\t\t\t<\/div>\n\t\t\t\n\n\n<h3 class=\"wp-block-heading has-text-align-left\" style=\"margin-top:16px\">Farmacia<\/h3>\n\n\n\n<p class=\"has-text-align-left\">Venta de medicamentos y vitaminas<\/p>\n\n\n\n<div class=\"wp-block-uagb-buttons uagb-buttons__outer-wrap uagb-btn__default-btn uagb-btn-tablet__default-btn uagb-btn-mobile__default-btn uagb-block-05885618\"><div class=\"uagb-buttons__wrap uagb-buttons-layout-wrap \">\n<div class=\"wp-block-uagb-buttons-child uagb-buttons__outer-wrap uagb-block-1c6304f1 wp-block-button\"><div class=\"uagb-button__wrapper\"><a class=\"uagb-buttons-repeater wp-block-button__link\" aria-label=\"\" href=\"https:\/\/premiumpets.cl\/index.php\/farmacia\/\" rel=\"follow noopener\" target=\"_self\" role=\"button\"><div class=\"uagb-button__link\">Ver m\u00e1s<\/div><\/a><\/div><\/div>\n<\/div><\/div>\n<\/div>\n<\/div>\n<\/div>\n\n\n\n<div class=\"wp-block-group alignfull is-layout-constrained wp-container-core-group-is-layout-45b0ac4f wp-block-group-is-layout-constrained\" id=\"services\" style=\"padding-top:144px;padding-bottom:0px\">\n<h2 class=\"wp-block-heading\">Servicios<\/h2>\n\n\n\n<div class=\"wp-block-columns is-layout-flex wp-container-core-columns-is-layout-60cbf9bb wp-block-columns-is-layout-flex\" style=\"margin-top:50px\">\n<div class=\"wp-block-column is-layout-flow wp-container-core-column-is-layout-6b73ce23 wp-block-column-is-layout-flow\">\n<figure class=\"wp-block-image size-full\"><img loading=\"lazy\" decoding=\"async\" width=\"2560\" height=\"1703\" src=\"https:\/\/premiumpets.cl\/wp-content\/uploads\/2025\/09\/cerca-de-veterinario-cuidando-perro-scaled.jpg\" alt=\"\" class=\"wp-image-119\" style=\"aspect-ratio:1;object-fit:cover\" srcset=\"https:\/\/premiumpets.cl\/wp-content\/uploads\/2025\/09\/cerca-de-veterinario-cuidando-perro-scaled.jpg 2560w, https:\/\/premiumpets.cl\/wp-content\/uploads\/2025\/09\/cerca-de-veterinario-cuidando-perro-300x200.jpg 300w, https:\/\/premiumpets.cl\/wp-content\/uploads\/2025\/09\/cerca-de-veterinario-cuidando-perro-1024x681.jpg 1024w, https:\/\/premiumpets.cl\/wp-content\/uploads\/2025\/09\/cerca-de-veterinario-cuidando-perro-768x511.jpg 768w, https:\/\/premiumpets.cl\/wp-content\/uploads\/2025\/09\/cerca-de-veterinario-cuidando-perro-1536x1022.jpg 1536w, https:\/\/premiumpets.cl\/wp-content\/uploads\/2025\/09\/cerca-de-veterinario-cuidando-perro-2048x1363.jpg 2048w\" sizes=\"auto, (max-width: 2560px) 100vw, 2560px\" \/><\/figure>\n\n\n\n<h3 class=\"wp-block-heading has-text-align-center\" style=\"margin-top:16px\">Consulta m\u00e9dica<\/h3>\n\n\n\n<p class=\"has-text-align-center\">Medicina General<br>Urgencias<br>interconsultas<\/p>\n<\/div>\n\n\n\n<div class=\"wp-block-column is-layout-flow wp-container-core-column-is-layout-6b73ce23 wp-block-column-is-layout-flow\">\n<figure class=\"wp-block-image size-full\"><img loading=\"lazy\" decoding=\"async\" width=\"1000\" height=\"1000\" src=\"https:\/\/premiumpets.cl\/wp-content\/uploads\/2025\/09\/examen.jpg\" alt=\"\" class=\"wp-image-121\" style=\"aspect-ratio:1;object-fit:cover\" srcset=\"https:\/\/premiumpets.cl\/wp-content\/uploads\/2025\/09\/examen.jpg 1000w, https:\/\/premiumpets.cl\/wp-content\/uploads\/2025\/09\/examen-300x300.jpg 300w, https:\/\/premiumpets.cl\/wp-content\/uploads\/2025\/09\/examen-150x150.jpg 150w, https:\/\/premiumpets.cl\/wp-content\/uploads\/2025\/09\/examen-768x768.jpg 768w\" sizes=\"auto, (max-width: 1000px) 100vw, 1000px\" \/><\/figure>\n\n\n\n<h3 class=\"wp-block-heading has-text-align-center\" style=\"margin-top:16px\">Especialidades<\/h3>\n\n\n\n<p class=\"has-text-align-center\">Oftalmolog\u00eda &#8211; Odontolog\u00eda &#8211; Oncolog\u00eda<br>Nefrolog\u00eda &#8211; Cardiolog\u00eda &#8211; Neurolog\u00eda<br>Traumatolog\u00eda -Cirug\u00eda electiva Dermatolog\u00eda &#8211; Endocrinolog\u00eda<\/p>\n<\/div>\n\n\n\n<div class=\"wp-block-column is-layout-flow wp-container-core-column-is-layout-6b73ce23 wp-block-column-is-layout-flow\">\n<figure class=\"wp-block-image size-full\"><img loading=\"lazy\" decoding=\"async\" width=\"1000\" height=\"1000\" src=\"https:\/\/premiumpets.cl\/wp-content\/uploads\/2025\/09\/laborat.jpg\" alt=\"\" class=\"wp-image-122\" style=\"aspect-ratio:1;object-fit:cover\" srcset=\"https:\/\/premiumpets.cl\/wp-content\/uploads\/2025\/09\/laborat.jpg 1000w, https:\/\/premiumpets.cl\/wp-content\/uploads\/2025\/09\/laborat-300x300.jpg 300w, https:\/\/premiumpets.cl\/wp-content\/uploads\/2025\/09\/laborat-150x150.jpg 150w, https:\/\/premiumpets.cl\/wp-content\/uploads\/2025\/09\/laborat-768x768.jpg 768w\" sizes=\"auto, (max-width: 1000px) 100vw, 1000px\" \/><\/figure>\n\n\n\n<h3 class=\"wp-block-heading has-text-align-center\" style=\"margin-top:16px\">Ex\u00e1menes de Laboratorio<\/h3>\n\n\n\n<p class=\"has-text-align-center\">Hormonas<br>Perfil Bioqu\u00edmico<br>Orina<br>Test r\u00e1pidos<br>Hemogramas<br>Otros<\/p>\n<\/div>\n<\/div>\n<\/div>\n\n\n\n<div class=\"wp-block-group alignfull is-layout-constrained wp-container-core-group-is-layout-45b0ac4f wp-block-group-is-layout-constrained\" id=\"services\" style=\"padding-top:144px;padding-bottom:0px\">\n<div class=\"wp-block-columns is-layout-flex wp-container-core-columns-is-layout-60cbf9bb wp-block-columns-is-layout-flex\" style=\"margin-top:50px\">\n<div class=\"wp-block-column is-layout-flow wp-container-core-column-is-layout-6b73ce23 wp-block-column-is-layout-flow\">\n<figure class=\"wp-block-image size-full\"><img loading=\"lazy\" decoding=\"async\" width=\"1620\" height=\"1077\" src=\"https:\/\/premiumpets.cl\/wp-content\/uploads\/2025\/10\/hospital.jpg\" alt=\"\" class=\"wp-image-201\" style=\"aspect-ratio:1;object-fit:cover\" srcset=\"https:\/\/premiumpets.cl\/wp-content\/uploads\/2025\/10\/hospital.jpg 1620w, https:\/\/premiumpets.cl\/wp-content\/uploads\/2025\/10\/hospital-300x199.jpg 300w, https:\/\/premiumpets.cl\/wp-content\/uploads\/2025\/10\/hospital-1024x681.jpg 1024w, https:\/\/premiumpets.cl\/wp-content\/uploads\/2025\/10\/hospital-768x511.jpg 768w, https:\/\/premiumpets.cl\/wp-content\/uploads\/2025\/10\/hospital-1536x1021.jpg 1536w\" sizes=\"auto, (max-width: 1620px) 100vw, 1620px\" \/><\/figure>\n\n\n\n<h3 class=\"wp-block-heading has-text-align-center\" style=\"margin-top:16px\">Hospital<\/h3>\n\n\n\n<p class=\"has-text-align-center\">Hospital 24 hrs.<\/p>\n<\/div>\n\n\n\n<div class=\"wp-block-column is-layout-flow wp-container-core-column-is-layout-6b73ce23 wp-block-column-is-layout-flow\">\n<figure class=\"wp-block-image size-full\"><img loading=\"lazy\" decoding=\"async\" width=\"853\" height=\"1280\" src=\"https:\/\/premiumpets.cl\/wp-content\/uploads\/2025\/10\/los-cirujanos-que-realizan-la-operacion-en-la-sala-de-operacion-copia.jpg\" alt=\"\" class=\"wp-image-195\" style=\"aspect-ratio:1;object-fit:cover\" srcset=\"https:\/\/premiumpets.cl\/wp-content\/uploads\/2025\/10\/los-cirujanos-que-realizan-la-operacion-en-la-sala-de-operacion-copia.jpg 853w, https:\/\/premiumpets.cl\/wp-content\/uploads\/2025\/10\/los-cirujanos-que-realizan-la-operacion-en-la-sala-de-operacion-copia-200x300.jpg 200w, https:\/\/premiumpets.cl\/wp-content\/uploads\/2025\/10\/los-cirujanos-que-realizan-la-operacion-en-la-sala-de-operacion-copia-682x1024.jpg 682w, https:\/\/premiumpets.cl\/wp-content\/uploads\/2025\/10\/los-cirujanos-que-realizan-la-operacion-en-la-sala-de-operacion-copia-768x1152.jpg 768w\" sizes=\"auto, (max-width: 853px) 100vw, 853px\" \/><\/figure>\n\n\n\n<h3 class=\"wp-block-heading has-text-align-center\" style=\"margin-top:16px\">Cirug\u00edas<\/h3>\n\n\n\n<p class=\"has-text-align-center\">Cirug\u00edas de tejidos Blandos<br>Esterilizaciones<br>Extracci\u00f3n de tumores<br>cirug\u00edas reconstructivas<\/p>\n<\/div>\n\n\n\n<div class=\"wp-block-column is-layout-flow wp-container-core-column-is-layout-6b73ce23 wp-block-column-is-layout-flow\">\n<figure class=\"wp-block-image size-full\"><img loading=\"lazy\" decoding=\"async\" width=\"1080\" height=\"1620\" src=\"https:\/\/premiumpets.cl\/wp-content\/uploads\/2025\/09\/veterinario-cuidando-perro-mascota-copia-1.jpg\" alt=\"\" class=\"wp-image-120\" style=\"aspect-ratio:1;object-fit:cover\" srcset=\"https:\/\/premiumpets.cl\/wp-content\/uploads\/2025\/09\/veterinario-cuidando-perro-mascota-copia-1.jpg 1080w, https:\/\/premiumpets.cl\/wp-content\/uploads\/2025\/09\/veterinario-cuidando-perro-mascota-copia-1-200x300.jpg 200w, https:\/\/premiumpets.cl\/wp-content\/uploads\/2025\/09\/veterinario-cuidando-perro-mascota-copia-1-683x1024.jpg 683w, https:\/\/premiumpets.cl\/wp-content\/uploads\/2025\/09\/veterinario-cuidando-perro-mascota-copia-1-768x1152.jpg 768w, https:\/\/premiumpets.cl\/wp-content\/uploads\/2025\/09\/veterinario-cuidando-perro-mascota-copia-1-1024x1536.jpg 1024w\" sizes=\"auto, (max-width: 1080px) 100vw, 1080px\" \/><\/figure>\n\n\n\n<h3 class=\"wp-block-heading has-text-align-center\" style=\"margin-top:16px\">Imagenolog\u00eda<\/h3>\n\n\n\n<p class=\"has-text-align-center\">Radiograf\u00edas<br>Ecograf\u00edas<\/p>\n<\/div>\n<\/div>\n<\/div>\n\n\n\n<div style=\"height:100px\" aria-hidden=\"true\" class=\"wp-block-spacer\"><\/div>\n\n\n\n<div class=\"wp-block-uagb-container uagb-block-92d5ffea alignfull uagb-is-root-container\"><div class=\"uagb-container-inner-blocks-wrap\"><\/div><\/div>\n\n\n\n<div class=\"wp-block-group alignfull has-ast-global-color-5-background-color has-background is-layout-constrained wp-container-core-group-is-layout-94d206d0 wp-block-group-is-layout-constrained\" id=\"about\" style=\"padding-top:143px;padding-bottom:144px\">\n<div class=\"wp-block-media-text has-media-on-the-right is-stacked-on-mobile is-vertically-aligned-center\"><div class=\"wp-block-media-text__content\">\n<div class=\"inherit-container-width wp-block-group is-layout-constrained wp-container-core-group-is-layout-47ce07ec wp-block-group-is-layout-constrained\" style=\"padding-right:80px\">\n<h2 class=\"wp-block-heading\" style=\"padding-right:40px\">La importancia de nuestras mascotas en la vida<\/h2>\n\n\n\n<p>Las mascotas no son solo compa\u00f1eros, son parte de la familia. Nos entregan amor incondicional, compa\u00f1\u00eda y alegr\u00eda en cada momento. Cuidarlas significa cuidar tambi\u00e9n nuestra propia felicidad, porque su bienestar se refleja en el nuestro.<\/p>\n<\/div>\n<\/div><figure class=\"wp-block-media-text__media\"><img loading=\"lazy\" decoding=\"async\" width=\"1024\" height=\"683\" src=\"https:\/\/premiumpets.cl\/wp-content\/uploads\/2025\/09\/pareja-romantica-de-buen-humor-juega-y-abraza-perro-blanco-el-hombre-besa-su-labrador-contra-la-ventana-copia-1024x683.jpg\" alt=\"\" class=\"wp-image-126 size-full\" srcset=\"https:\/\/premiumpets.cl\/wp-content\/uploads\/2025\/09\/pareja-romantica-de-buen-humor-juega-y-abraza-perro-blanco-el-hombre-besa-su-labrador-contra-la-ventana-copia-1024x683.jpg 1024w, https:\/\/premiumpets.cl\/wp-content\/uploads\/2025\/09\/pareja-romantica-de-buen-humor-juega-y-abraza-perro-blanco-el-hombre-besa-su-labrador-contra-la-ventana-copia-300x200.jpg 300w, https:\/\/premiumpets.cl\/wp-content\/uploads\/2025\/09\/pareja-romantica-de-buen-humor-juega-y-abraza-perro-blanco-el-hombre-besa-su-labrador-contra-la-ventana-copia-768x512.jpg 768w, https:\/\/premiumpets.cl\/wp-content\/uploads\/2025\/09\/pareja-romantica-de-buen-humor-juega-y-abraza-perro-blanco-el-hombre-besa-su-labrador-contra-la-ventana-copia-1536x1024.jpg 1536w, https:\/\/premiumpets.cl\/wp-content\/uploads\/2025\/09\/pareja-romantica-de-buen-humor-juega-y-abraza-perro-blanco-el-hombre-besa-su-labrador-contra-la-ventana-copia.jpg 1620w\" sizes=\"auto, (max-width: 1024px) 100vw, 1024px\" \/><\/figure><\/div>\n<\/div>\n\n\n\n<div class=\"wp-block-uagb-container uagb-block-jnsmnyqu alignfull uagb-is-root-container\">\n<div class=\"wp-block-uagb-container uagb-block-zz3klzox\"><\/div>\n\n\n\n<div class=\"wp-block-uagb-container uagb-block-fgy71t2j\">\n<div class=\"wp-block-uagb-info-box uagb-block-kt9uih2w uagb-infobox__content-wrap  uagb-infobox-icon-above-title uagb-infobox-image-valign-top\"><div class=\"uagb-ifb-content\"><div class=\"uagb-ifb-title-wrap\"><h1 class=\"uagb-ifb-title\">Hospital 24hrs<\/h1><\/div><p class=\"uagb-ifb-desc\">Tu mascota nunca estar\u00e1 sola. Nuestro hospital cuenta con atenci\u00f3n continua los 7 d\u00edas de la semana para emergencias y cuidados intensivos. Siempre listos para ayudar, sin importar la hora.<\/p><\/div><\/div>\n<\/div>\n<\/div>\n\n\n\n<div style=\"height:100px\" aria-hidden=\"true\" class=\"wp-block-spacer\"><\/div>\n\n\n\n<div class=\"wp-block-group alignfull has-background is-layout-constrained wp-container-core-group-is-layout-cfcca693 wp-block-group-is-layout-constrained\" id=\"contact\" style=\"background:linear-gradient(135deg,rgb(20,187,213) 0%,rgb(167,214,234) 100%);padding-top:104px;padding-bottom:104px\">\n<h2 class=\"wp-block-heading has-text-align-center has-text-color\" style=\"color:#ffffff\">Descubre todo lo que tenemos para ti y tu mascota en nuestra web.<\/h2>\n\n\n\n<div class=\"wp-block-buttons alignwide is-horizontal is-content-justification-center is-layout-flex wp-container-core-buttons-is-layout-bba8380a wp-block-buttons-is-layout-flex\" style=\"margin-top:50px\">\n<div class=\"wp-block-button\"><a class=\"wp-block-button__link wp-element-button\" href=\"https:\/\/premiumpets.cl\/index.php\/servicios\/\">Ver m\u00e1s<\/a><\/div>\n<\/div>\n<\/div>\n\n\n\n<p><\/p>\n","protected":false},"excerpt":{"rendered":"<p>Cl\u00ednica Consulta MedicaEspecialidadesEx\u00e1menesImagenolog\u00edaCirug\u00edas Petshop Venta de accesorios y alimentos Peluquer\u00eda Peluquer\u00eda CaninaPeluquer\u00eda felina Farmacia Venta de medicamentos y vitaminas Servicios [&hellip;]<\/p>\n","protected":false},"author":1,"featured_media":0,"parent":0,"menu_order":0,"comment_status":"closed","ping_status":"closed","template":"","meta":{"_uag_custom_page_level_css":"","site-sidebar-layout":"no-sidebar","site-content-layout":"plain-container","ast-site-content-layout":"default","site-content-style":"default","site-sidebar-style":"default","ast-global-header-display":"","ast-banner-title-visibility":"","ast-main-header-display":"","ast-hfb-above-header-display":"","ast-hfb-below-header-display":"","ast-hfb-mobile-header-display":"","site-post-title":"disabled","ast-breadcrumbs-content":"","ast-featured-img":"","footer-sml-layout":"","ast-disable-related-posts":"","theme-transparent-header-meta":"enabled","adv-header-id-meta":"","stick-header-meta":"","header-above-stick-meta":"","header-main-stick-meta":"","header-below-stick-meta":"","astra-migrate-meta-layouts":"default","ast-page-background-enabled":"default","ast-page-background-meta":{"desktop":{"background-color":"var(--ast-global-color-5)","background-image":"","background-repeat":"repeat","background-position":"center center","background-size":"auto","background-attachment":"scroll","background-type":"","background-media":"","overlay-type":"","overlay-color":"","overlay-opacity":"","overlay-gradient":""},"tablet":{"background-color":"","background-image":"","background-repeat":"repeat","background-position":"center center","background-size":"auto","background-attachment":"scroll","background-type":"","background-media":"","overlay-type":"","overlay-color":"","overlay-opacity":"","overlay-gradient":""},"mobile":{"background-color":"","background-image":"","background-repeat":"repeat","background-position":"center center","background-size":"auto","background-attachment":"scroll","background-type":"","background-media":"","overlay-type":"","overlay-color":"","overlay-opacity":"","overlay-gradient":""}},"ast-content-background-meta":{"desktop":{"background-color":"var(--ast-global-color-4)","background-image":"","background-repeat":"repeat","background-position":"center center","background-size":"auto","background-attachment":"scroll","background-type":"","background-media":"","overlay-type":"","overlay-color":"","overlay-opacity":"","overlay-gradient":""},"tablet":{"background-color":"var(--ast-global-color-4)","background-image":"","background-repeat":"repeat","background-position":"center center","background-size":"auto","background-attachment":"scroll","background-type":"","background-media":"","overlay-type":"","overlay-color":"","overlay-opacity":"","overlay-gradient":""},"mobile":{"background-color":"var(--ast-global-color-4)","background-image":"","background-repeat":"repeat","background-position":"center center","background-size":"auto","background-attachment":"scroll","background-type":"","background-media":"","overlay-type":"","overlay-color":"","overlay-opacity":"","overlay-gradient":""}},"footnotes":""},"class_list":["post-7","page","type-page","status-publish","hentry"],"uagb_featured_image_src":{"full":false,"thumbnail":false,"medium":false,"medium_large":false,"large":false,"1536x1536":false,"2048x2048":false},"uagb_author_info":{"display_name":"admin","author_link":"https:\/\/premiumpets.cl\/index.php\/author\/premium_diseno2025\/"},"uagb_comment_info":0,"uagb_excerpt":"Cl\u00ednica Consulta MedicaEspecialidadesEx\u00e1menesImagenolog\u00edaCirug\u00edas Petshop Venta de accesorios y alimentos Peluquer\u00eda Peluquer\u00eda CaninaPeluquer\u00eda felina Farmacia Venta de medicamentos y vitaminas Servicios [&hellip;]","_links":{"self":[{"href":"https:\/\/premiumpets.cl\/index.php\/wp-json\/wp\/v2\/pages\/7","targetHints":{"allow":["GET"]}}],"collection":[{"href":"https:\/\/premiumpets.cl\/index.php\/wp-json\/wp\/v2\/pages"}],"about":[{"href":"https:\/\/premiumpets.cl\/index.php\/wp-json\/wp\/v2\/types\/page"}],"author":[{"embeddable":true,"href":"https:\/\/premiumpets.cl\/index.php\/wp-json\/wp\/v2\/users\/1"}],"replies":[{"embeddable":true,"href":"https:\/\/premiumpets.cl\/index.php\/wp-json\/wp\/v2\/comments?post=7"}],"version-history":[{"count":38,"href":"https:\/\/premiumpets.cl\/index.php\/wp-json\/wp\/v2\/pages\/7\/revisions"}],"predecessor-version":[{"id":274,"href":"https:\/\/premiumpets.cl\/index.php\/wp-json\/wp\/v2\/pages\/7\/revisions\/274"}],"wp:attachment":[{"href":"https:\/\/premiumpets.cl\/index.php\/wp-json\/wp\/v2\/media?parent=7"}],"curies":[{"name":"wp","href":"https:\/\/api.w.org\/{rel}","templated":true}]}}